{"id":4308,"date":"2025-01-14T14:33:34","date_gmt":"2025-01-14T13:33:34","guid":{"rendered":"https:\/\/shop.masimas.com\/producto\/camiseta-moog\/"},"modified":"2025-07-29T10:03:03","modified_gmt":"2025-07-29T08:03:03","slug":"camiseta-moog","status":"publish","type":"product","link":"https:\/\/shop.masimas.com\/ca\/producto\/camiseta-moog\/","title":{"rendered":"Samarreta Moog"},"content":{"rendered":"<p>Samarreta de 145g\/m\u00b2 de 100% cot\u00f3 org\u00e0nic en conversi\u00f3, suau i c\u00f2moda. Talles unisex disponibles.<\/p>\n","protected":false},"excerpt":{"rendered":"<p>Samarreta negra de cot\u00f3 org\u00e0nic, MOOG CLUB<\/p>\n","protected":false},"featured_media":4022,"comment_status":"open","ping_status":"closed","template":"","meta":[],"product_brand":[66],"product_cat":[83],"product_tag":[],"class_list":{"0":"post-4308","1":"product","2":"type-product","3":"status-publish","4":"has-post-thumbnail","6":"product_brand-moog","7":"product_cat-camisetas-ca","9":"first","10":"instock","11":"taxable","12":"shipping-taxable","13":"purchasable","14":"product-type-variable"},"_links":{"self":[{"href":"https:\/\/shop.masimas.com\/ca\/wp-json\/wp\/v2\/product\/4308","targetHints":{"allow":["GET"]}}],"collection":[{"href":"https:\/\/shop.masimas.com\/ca\/wp-json\/wp\/v2\/product"}],"about":[{"href":"https:\/\/shop.masimas.com\/ca\/wp-json\/wp\/v2\/types\/product"}],"replies":[{"embeddable":true,"href":"https:\/\/shop.masimas.com\/ca\/wp-json\/wp\/v2\/comments?post=4308"}],"wp:featuredmedia":[{"embeddable":true,"href":"https:\/\/shop.masimas.com\/ca\/wp-json\/wp\/v2\/media\/4022"}],"wp:attachment":[{"href":"https:\/\/shop.masimas.com\/ca\/wp-json\/wp\/v2\/media?parent=4308"}],"wp:term":[{"taxonomy":"product_brand","embeddable":true,"href":"https:\/\/shop.masimas.com\/ca\/wp-json\/wp\/v2\/product_brand?post=4308"},{"taxonomy":"product_cat","embeddable":true,"href":"https:\/\/shop.masimas.com\/ca\/wp-json\/wp\/v2\/product_cat?post=4308"},{"taxonomy":"product_tag","embeddable":true,"href":"https:\/\/shop.masimas.com\/ca\/wp-json\/wp\/v2\/product_tag?post=4308"}],"curies":[{"name":"wp","href":"https:\/\/api.w.org\/{rel}","templated":true}]}}