{"id":4306,"date":"2025-07-28T08:25:05","date_gmt":"2025-07-28T06:25:05","guid":{"rendered":"https:\/\/shop.masimas.com\/producto\/lanyard-moog\/"},"modified":"2025-07-29T09:45:05","modified_gmt":"2025-07-29T07:45:05","slug":"lanyard-moog","status":"publish","type":"product","link":"https:\/\/shop.masimas.com\/ca\/producto\/lanyard-moog\/","title":{"rendered":"Lanyard Moog"},"content":{"rendered":"<p>Lanyard de poli\u00e8ster negre amb acabat resistent i personalitzaci\u00f3 a 1 tinta teixida. Inclou mosquet\u00f3 met\u00e0l\u00b7lic i accessori per penjar el m\u00f2bil.<\/p>\n","protected":false},"excerpt":{"rendered":"<p>Lanyard negre amb mosquet\u00f3 i accessori per a m\u00f2bil.<\/p>\n","protected":false},"featured_media":4037,"comment_status":"open","ping_status":"closed","template":"","meta":[],"product_brand":[66],"product_cat":[85],"product_tag":[],"class_list":{"0":"post-4306","1":"product","2":"type-product","3":"status-publish","4":"has-post-thumbnail","6":"product_brand-moog","7":"product_cat-merchandising-ca","9":"first","10":"instock","11":"taxable","12":"shipping-taxable","13":"purchasable","14":"product-type-simple"},"_links":{"self":[{"href":"https:\/\/shop.masimas.com\/ca\/wp-json\/wp\/v2\/product\/4306","targetHints":{"allow":["GET"]}}],"collection":[{"href":"https:\/\/shop.masimas.com\/ca\/wp-json\/wp\/v2\/product"}],"about":[{"href":"https:\/\/shop.masimas.com\/ca\/wp-json\/wp\/v2\/types\/product"}],"replies":[{"embeddable":true,"href":"https:\/\/shop.masimas.com\/ca\/wp-json\/wp\/v2\/comments?post=4306"}],"wp:featuredmedia":[{"embeddable":true,"href":"https:\/\/shop.masimas.com\/ca\/wp-json\/wp\/v2\/media\/4037"}],"wp:attachment":[{"href":"https:\/\/shop.masimas.com\/ca\/wp-json\/wp\/v2\/media?parent=4306"}],"wp:term":[{"taxonomy":"product_brand","embeddable":true,"href":"https:\/\/shop.masimas.com\/ca\/wp-json\/wp\/v2\/product_brand?post=4306"},{"taxonomy":"product_cat","embeddable":true,"href":"https:\/\/shop.masimas.com\/ca\/wp-json\/wp\/v2\/product_cat?post=4306"},{"taxonomy":"product_tag","embeddable":true,"href":"https:\/\/shop.masimas.com\/ca\/wp-json\/wp\/v2\/product_tag?post=4306"}],"curies":[{"name":"wp","href":"https:\/\/api.w.org\/{rel}","templated":true}]}}