{"id":4290,"date":"2025-07-28T08:46:12","date_gmt":"2025-07-28T06:46:12","guid":{"rendered":"https:\/\/shop.masimas.com\/producto\/camiseta-villarosa\/"},"modified":"2025-07-29T10:28:44","modified_gmt":"2025-07-29T08:28:44","slug":"camiseta-villarosa","status":"publish","type":"product","link":"https:\/\/shop.masimas.com\/ca\/producto\/camiseta-villarosa\/","title":{"rendered":"Samarreta Villarosa"},"content":{"rendered":"<p>Samarreta de 145g\/m\u00b2 de 100% cot\u00f3 org\u00e0nic en conversi\u00f3, suau i c\u00f2moda. Talles unisex disponibles.<\/p>\n","protected":false},"excerpt":{"rendered":"<p>Samarreta negra de cot\u00f3 org\u00e0nic, VILLAROSA<\/p>\n","protected":false},"featured_media":4098,"comment_status":"open","ping_status":"closed","template":"","meta":[],"product_brand":[66],"product_cat":[83],"product_tag":[],"class_list":{"0":"post-4290","1":"product","2":"type-product","3":"status-publish","4":"has-post-thumbnail","6":"product_brand-moog","7":"product_cat-camisetas-ca","9":"first","10":"instock","11":"taxable","12":"shipping-taxable","13":"purchasable","14":"product-type-variable"},"_links":{"self":[{"href":"https:\/\/shop.masimas.com\/ca\/wp-json\/wp\/v2\/product\/4290","targetHints":{"allow":["GET"]}}],"collection":[{"href":"https:\/\/shop.masimas.com\/ca\/wp-json\/wp\/v2\/product"}],"about":[{"href":"https:\/\/shop.masimas.com\/ca\/wp-json\/wp\/v2\/types\/product"}],"replies":[{"embeddable":true,"href":"https:\/\/shop.masimas.com\/ca\/wp-json\/wp\/v2\/comments?post=4290"}],"wp:featuredmedia":[{"embeddable":true,"href":"https:\/\/shop.masimas.com\/ca\/wp-json\/wp\/v2\/media\/4098"}],"wp:attachment":[{"href":"https:\/\/shop.masimas.com\/ca\/wp-json\/wp\/v2\/media?parent=4290"}],"wp:term":[{"taxonomy":"product_brand","embeddable":true,"href":"https:\/\/shop.masimas.com\/ca\/wp-json\/wp\/v2\/product_brand?post=4290"},{"taxonomy":"product_cat","embeddable":true,"href":"https:\/\/shop.masimas.com\/ca\/wp-json\/wp\/v2\/product_cat?post=4290"},{"taxonomy":"product_tag","embeddable":true,"href":"https:\/\/shop.masimas.com\/ca\/wp-json\/wp\/v2\/product_tag?post=4290"}],"curies":[{"name":"wp","href":"https:\/\/api.w.org\/{rel}","templated":true}]}}