{"id":4216,"date":"2023-03-18T11:07:21","date_gmt":"2023-03-18T10:07:21","guid":{"rendered":"https:\/\/shop.masimas.com\/faqs\/"},"modified":"2025-09-18T17:55:45","modified_gmt":"2025-09-18T15:55:45","slug":"faqs","status":"publish","type":"page","link":"https:\/\/shop.masimas.com\/ca\/faqs\/","title":{"rendered":"FAQs"},"content":{"rendered":"\t\t<div data-elementor-type=\"wp-page\" data-elementor-id=\"4216\" class=\"elementor elementor-4216 elementor-3831\" data-elementor-post-type=\"page\">\n\t\t\t\t<div class=\"elementor-element elementor-element-c28d722 e-flex e-con-boxed kitify-col-width-auto-no ignore-docs-style-no kitify-disable-relative-no e-root-container elementor-top-section e-con e-parent\" data-id=\"c28d722\" data-element_type=\"container\" data-settings=\"{&quot;background_background&quot;:&quot;classic&quot;,&quot;background_motion_fx_motion_fx_scrolling&quot;:&quot;yes&quot;,&quot;background_motion_fx_translateY_effect&quot;:&quot;yes&quot;,&quot;background_motion_fx_devices&quot;:[&quot;desktop&quot;,&quot;laptop&quot;],&quot;background_motion_fx_translateY_speed&quot;:{&quot;unit&quot;:&quot;px&quot;,&quot;size&quot;:4,&quot;sizes&quot;:[]},&quot;background_motion_fx_translateY_affectedRange&quot;:{&quot;unit&quot;:&quot;%&quot;,&quot;size&quot;:&quot;&quot;,&quot;sizes&quot;:{&quot;start&quot;:0,&quot;end&quot;:100}}}\">\n\t\t\t\t\t<div class=\"e-con-inner\">\n\t\t\t\t<div class=\"elementor-element elementor-element-5f42d14 kitify-breadcrumbs-page-title-yes kitify-breadcrumbs-align-center elementor-widget kitify elementor-kitify-breadcrumbs\" data-id=\"5f42d14\" data-element_type=\"widget\" data-widget_type=\"kitify-breadcrumbs.default\">\n\t\t\t\t<div class=\"elementor-widget-container\">\n\t\t\t\t\t\n\t\t<div class=\"kitify-breadcrumbs\">\n\t\t<div class=\"kitify-breadcrumbs__content\">\n\t\t<div class=\"kitify-breadcrumbs__wrap\"><div class=\"kitify-breadcrumbs__item\"><a href=\"https:\/\/shop.masimas.com\/ca\/\" class=\"kitify-breadcrumbs__item-link is-home\" rel=\"home\" title=\"Home\">Home<\/a><\/div>\n\t\t<\/div>\n\t\t<\/div>\n\t\t<\/div>\t\t\t\t<\/div>\n\t\t\t\t<\/div>\n\t\t\t\t\t<\/div>\n\t\t\t\t<\/div>\n\t\t<div class=\"elementor-element elementor-element-b928391 e-flex e-con-boxed kitify-col-width-auto-no ignore-docs-style-no kitify-disable-relative-no e-root-container elementor-top-section e-con e-parent\" data-id=\"b928391\" data-element_type=\"container\">\n\t\t\t\t\t<div class=\"e-con-inner\">\n\t\t<div class=\"elementor-element elementor-element-819faa2 e-con-full e-flex kitify-col-width-auto-no ignore-docs-style-no kitify-disable-relative-no e-con e-child\" data-id=\"819faa2\" data-element_type=\"container\">\n\t\t\t\t<div class=\"elementor-element elementor-element-88b3d96 elementor-widget elementor-widget-accordion\" data-id=\"88b3d96\" data-element_type=\"widget\" data-widget_type=\"accordion.default\">\n\t\t\t\t<div class=\"elementor-widget-container\">\n\t\t\t\t\t\t\t<div class=\"elementor-accordion\">\n\t\t\t\t\t\t\t<div class=\"elementor-accordion-item\">\n\t\t\t\t\t<div id=\"elementor-tab-title-1431\" class=\"elementor-tab-title\" data-tab=\"1\" role=\"button\" aria-controls=\"elementor-tab-content-1431\" aria-expanded=\"false\">\n\t\t\t\t\t\t\t\t\t\t\t\t\t<span class=\"elementor-accordion-icon elementor-accordion-icon-right\" aria-hidden=\"true\">\n\t\t\t\t\t\t\t\t\t\t\t\t\t\t\t<span class=\"elementor-accordion-icon-closed\"><i class=\"dlicon ui-1_simple-add\"><\/i><\/span>\n\t\t\t\t\t\t\t\t<span class=\"elementor-accordion-icon-opened\"><i class=\"dlicon ui-1_simple-delete\"><\/i><\/span>\n\t\t\t\t\t\t\t\t\t\t\t\t\t\t<\/span>\n\t\t\t\t\t\t\t\t\t\t\t\t<a class=\"elementor-accordion-title\" tabindex=\"0\">PoL\u00edtitca de devoluciones<\/a>\n\t\t\t\t\t<\/div>\n\t\t\t\t\t<div id=\"elementor-tab-content-1431\" class=\"elementor-tab-content elementor-clearfix\" data-tab=\"1\" role=\"region\" aria-labelledby=\"elementor-tab-title-1431\"><ul><li><div role=\"presentation\">Tienes derecho a desistir de la compra en un plazo de\u00a0<b>14 d\u00edas naturales<\/b>\u00a0desde la recepci\u00f3n del pedido (seg\u00fan normativa de consumidores).<\/div><\/li><li><div role=\"presentation\">El producto debe devolverse en perfecto estado, sin usar, con su embalaje original.<\/div><\/li><li><div role=\"presentation\">Los gastos de env\u00edo de la devoluci\u00f3n corren a cargo del cliente, salvo que se trate de un producto defectuoso o error en el env\u00edo.<\/div><\/li><li><div role=\"presentation\">En caso de devoluci\u00f3n por defecto o error, los gastos corren a cargo de la sala.<\/div><\/li><li><div role=\"presentation\">Una vez recibido el producto y comprobado su estado, se reembolsar\u00e1 el importe en el mismo m\u00e9todo de pago utilizado.<\/div><\/li><\/ul><\/div>\n\t\t\t\t<\/div>\n\t\t\t\t\t\t\t<div class=\"elementor-accordion-item\">\n\t\t\t\t\t<div id=\"elementor-tab-title-1432\" class=\"elementor-tab-title\" data-tab=\"2\" role=\"button\" aria-controls=\"elementor-tab-content-1432\" aria-expanded=\"false\">\n\t\t\t\t\t\t\t\t\t\t\t\t\t<span class=\"elementor-accordion-icon elementor-accordion-icon-right\" aria-hidden=\"true\">\n\t\t\t\t\t\t\t\t\t\t\t\t\t\t\t<span class=\"elementor-accordion-icon-closed\"><i class=\"dlicon ui-1_simple-add\"><\/i><\/span>\n\t\t\t\t\t\t\t\t<span class=\"elementor-accordion-icon-opened\"><i class=\"dlicon ui-1_simple-delete\"><\/i><\/span>\n\t\t\t\t\t\t\t\t\t\t\t\t\t\t<\/span>\n\t\t\t\t\t\t\t\t\t\t\t\t<a class=\"elementor-accordion-title\" tabindex=\"0\">SEGUIMIENTO DE ENV\u00cdO<\/a>\n\t\t\t\t\t<\/div>\n\t\t\t\t\t<div id=\"elementor-tab-content-1432\" class=\"elementor-tab-content elementor-clearfix\" data-tab=\"2\" role=\"region\" aria-labelledby=\"elementor-tab-title-1432\"><p>\u00a1Seguir tu pedido es muy f\u00e1cil! Una vez que se env\u00ede tu pedido, te enviaremos un correo electr\u00f3nico de confirmaci\u00f3n con un n\u00famero de seguimiento. Puedes utilizar este n\u00famero para seguir el estado de tu pedido en nuestra p\u00e1gina de seguimiento de pedidos.<\/p><\/div>\n\t\t\t\t<\/div>\n\t\t\t\t\t\t\t<div class=\"elementor-accordion-item\">\n\t\t\t\t\t<div id=\"elementor-tab-title-1433\" class=\"elementor-tab-title\" data-tab=\"3\" role=\"button\" aria-controls=\"elementor-tab-content-1433\" aria-expanded=\"false\">\n\t\t\t\t\t\t\t\t\t\t\t\t\t<span class=\"elementor-accordion-icon elementor-accordion-icon-right\" aria-hidden=\"true\">\n\t\t\t\t\t\t\t\t\t\t\t\t\t\t\t<span class=\"elementor-accordion-icon-closed\"><i class=\"dlicon ui-1_simple-add\"><\/i><\/span>\n\t\t\t\t\t\t\t\t<span class=\"elementor-accordion-icon-opened\"><i class=\"dlicon ui-1_simple-delete\"><\/i><\/span>\n\t\t\t\t\t\t\t\t\t\t\t\t\t\t<\/span>\n\t\t\t\t\t\t\t\t\t\t\t\t<a class=\"elementor-accordion-title\" tabindex=\"0\">M\u00c9TODOS DE PAGO<\/a>\n\t\t\t\t\t<\/div>\n\t\t\t\t\t<div id=\"elementor-tab-content-1433\" class=\"elementor-tab-content elementor-clearfix\" data-tab=\"3\" role=\"region\" aria-labelledby=\"elementor-tab-title-1433\"><p>Puedes realizar el pago mediante tarjeta bancaria (Visa, Mastercad, Apple Pay, Google Pay)<\/p><\/div>\n\t\t\t\t<\/div>\n\t\t\t\t\t\t\t<div class=\"elementor-accordion-item\">\n\t\t\t\t\t<div id=\"elementor-tab-title-1434\" class=\"elementor-tab-title\" data-tab=\"4\" role=\"button\" aria-controls=\"elementor-tab-content-1434\" aria-expanded=\"false\">\n\t\t\t\t\t\t\t\t\t\t\t\t\t<span class=\"elementor-accordion-icon elementor-accordion-icon-right\" aria-hidden=\"true\">\n\t\t\t\t\t\t\t\t\t\t\t\t\t\t\t<span class=\"elementor-accordion-icon-closed\"><i class=\"dlicon ui-1_simple-add\"><\/i><\/span>\n\t\t\t\t\t\t\t\t<span class=\"elementor-accordion-icon-opened\"><i class=\"dlicon ui-1_simple-delete\"><\/i><\/span>\n\t\t\t\t\t\t\t\t\t\t\t\t\t\t<\/span>\n\t\t\t\t\t\t\t\t\t\t\t\t<a class=\"elementor-accordion-title\" tabindex=\"0\">Do you offer international shipping?<\/a>\n\t\t\t\t\t<\/div>\n\t\t\t\t\t<div id=\"elementor-tab-content-1434\" class=\"elementor-tab-content elementor-clearfix\" data-tab=\"4\" role=\"region\" aria-labelledby=\"elementor-tab-title-1434\"><p>Yes, we offer international shipping to most countries. Shipping fees and delivery times may vary based on your location. Please refer to our Shipping Information page for more details.<\/p><\/div>\n\t\t\t\t<\/div>\n\t\t\t\t\t\t\t<div class=\"elementor-accordion-item\">\n\t\t\t\t\t<div id=\"elementor-tab-title-1435\" class=\"elementor-tab-title\" data-tab=\"5\" role=\"button\" aria-controls=\"elementor-tab-content-1435\" aria-expanded=\"false\">\n\t\t\t\t\t\t\t\t\t\t\t\t\t<span class=\"elementor-accordion-icon elementor-accordion-icon-right\" aria-hidden=\"true\">\n\t\t\t\t\t\t\t\t\t\t\t\t\t\t\t<span class=\"elementor-accordion-icon-closed\"><i class=\"dlicon ui-1_simple-add\"><\/i><\/span>\n\t\t\t\t\t\t\t\t<span class=\"elementor-accordion-icon-opened\"><i class=\"dlicon ui-1_simple-delete\"><\/i><\/span>\n\t\t\t\t\t\t\t\t\t\t\t\t\t\t<\/span>\n\t\t\t\t\t\t\t\t\t\t\t\t<a class=\"elementor-accordion-title\" tabindex=\"0\">How can I contact your customer support?<\/a>\n\t\t\t\t\t<\/div>\n\t\t\t\t\t<div id=\"elementor-tab-content-1435\" class=\"elementor-tab-content elementor-clearfix\" data-tab=\"5\" role=\"region\" aria-labelledby=\"elementor-tab-title-1435\"><div role=\"presentation\">Para cualquier incidencia o consulta, puedes escribirnos a:\u00a0<a href=\"mailto:info@masimas.com\" target=\"_blank\" rel=\"noopener\">info@masimas.com<\/a><\/div><div role=\"presentation\">\u00a0<\/div><\/div>\n\t\t\t\t<\/div>\n\t\t\t\t\t\t\t<div class=\"elementor-accordion-item\">\n\t\t\t\t\t<div id=\"elementor-tab-title-1436\" class=\"elementor-tab-title\" data-tab=\"6\" role=\"button\" aria-controls=\"elementor-tab-content-1436\" aria-expanded=\"false\">\n\t\t\t\t\t\t\t\t\t\t\t\t\t<span class=\"elementor-accordion-icon elementor-accordion-icon-right\" aria-hidden=\"true\">\n\t\t\t\t\t\t\t\t\t\t\t\t\t\t\t<span class=\"elementor-accordion-icon-closed\"><i class=\"dlicon ui-1_simple-add\"><\/i><\/span>\n\t\t\t\t\t\t\t\t<span class=\"elementor-accordion-icon-opened\"><i class=\"dlicon ui-1_simple-delete\"><\/i><\/span>\n\t\t\t\t\t\t\t\t\t\t\t\t\t\t<\/span>\n\t\t\t\t\t\t\t\t\t\t\t\t<a class=\"elementor-accordion-title\" tabindex=\"0\">Are the sizes true to measurements?<\/a>\n\t\t\t\t\t<\/div>\n\t\t\t\t\t<div id=\"elementor-tab-content-1436\" class=\"elementor-tab-content elementor-clearfix\" data-tab=\"6\" role=\"region\" aria-labelledby=\"elementor-tab-title-1436\"><p>We provide detailed size charts for each product to help you find the perfect fit. Please refer to the size chart on the product page to ensure you choose the right size.<\/p><\/div>\n\t\t\t\t<\/div>\n\t\t\t\t\t\t\t<div class=\"elementor-accordion-item\">\n\t\t\t\t\t<div id=\"elementor-tab-title-1437\" class=\"elementor-tab-title\" data-tab=\"7\" role=\"button\" aria-controls=\"elementor-tab-content-1437\" aria-expanded=\"false\">\n\t\t\t\t\t\t\t\t\t\t\t\t\t<span class=\"elementor-accordion-icon elementor-accordion-icon-right\" aria-hidden=\"true\">\n\t\t\t\t\t\t\t\t\t\t\t\t\t\t\t<span class=\"elementor-accordion-icon-closed\"><i class=\"dlicon ui-1_simple-add\"><\/i><\/span>\n\t\t\t\t\t\t\t\t<span class=\"elementor-accordion-icon-opened\"><i class=\"dlicon ui-1_simple-delete\"><\/i><\/span>\n\t\t\t\t\t\t\t\t\t\t\t\t\t\t<\/span>\n\t\t\t\t\t\t\t\t\t\t\t\t<a class=\"elementor-accordion-title\" tabindex=\"0\">Can I modify or cancel my order after it's been placed?<\/a>\n\t\t\t\t\t<\/div>\n\t\t\t\t\t<div id=\"elementor-tab-content-1437\" class=\"elementor-tab-content elementor-clearfix\" data-tab=\"7\" role=\"region\" aria-labelledby=\"elementor-tab-title-1437\"><p>We process orders quickly to ensure fast delivery, so modifications or cancellations may be limited. Contact our customer support as soon as possible, and we&#8217;ll do our best to assist you.<\/p><\/div>\n\t\t\t\t<\/div>\n\t\t\t\t\t\t\t\t\t\t<script type=\"application\/ld+json\">{\"@context\":\"https:\\\/\\\/schema.org\",\"@type\":\"FAQPage\",\"mainEntity\":[{\"@type\":\"Question\",\"name\":\"PoL\\u00edtitca de devoluciones\",\"acceptedAnswer\":{\"@type\":\"Answer\",\"text\":\"<ul><li><div role=\\\"presentation\\\">Tienes derecho a desistir de la compra en un plazo de\\u00a0<b>14 d\\u00edas naturales<\\\/b>\\u00a0desde la recepci\\u00f3n del pedido (seg\\u00fan normativa de consumidores).<\\\/div><\\\/li><li><div role=\\\"presentation\\\">El producto debe devolverse en perfecto estado, sin usar, con su embalaje original.<\\\/div><\\\/li><li><div role=\\\"presentation\\\">Los gastos de env\\u00edo de la devoluci\\u00f3n corren a cargo del cliente, salvo que se trate de un producto defectuoso o error en el env\\u00edo.<\\\/div><\\\/li><li><div role=\\\"presentation\\\">En caso de devoluci\\u00f3n por defecto o error, los gastos corren a cargo de la sala.<\\\/div><\\\/li><li><div role=\\\"presentation\\\">Una vez recibido el producto y comprobado su estado, se reembolsar\\u00e1 el importe en el mismo m\\u00e9todo de pago utilizado.<\\\/div><\\\/li><\\\/ul>\"}},{\"@type\":\"Question\",\"name\":\"SEGUIMIENTO DE ENV\\u00cdO\",\"acceptedAnswer\":{\"@type\":\"Answer\",\"text\":\"<p>\\u00a1Seguir tu pedido es muy f\\u00e1cil! Una vez que se env\\u00ede tu pedido, te enviaremos un correo electr\\u00f3nico de confirmaci\\u00f3n con un n\\u00famero de seguimiento. Puedes utilizar este n\\u00famero para seguir el estado de tu pedido en nuestra p\\u00e1gina de seguimiento de pedidos.<\\\/p>\"}},{\"@type\":\"Question\",\"name\":\"M\\u00c9TODOS DE PAGO\",\"acceptedAnswer\":{\"@type\":\"Answer\",\"text\":\"<p>Puedes realizar el pago mediante tarjeta bancaria (Visa, Mastercad, Apple Pay, Google Pay)<\\\/p>\"}},{\"@type\":\"Question\",\"name\":\"Do you offer international shipping?\",\"acceptedAnswer\":{\"@type\":\"Answer\",\"text\":\"<p>Yes, we offer international shipping to most countries. Shipping fees and delivery times may vary based on your location. Please refer to our Shipping Information page for more details.<\\\/p>\"}},{\"@type\":\"Question\",\"name\":\"How can I contact your customer support?\",\"acceptedAnswer\":{\"@type\":\"Answer\",\"text\":\"<div role=\\\"presentation\\\">Para cualquier incidencia o consulta, puedes escribirnos a:\\u00a0<a href=\\\"mailto:info@masimas.com\\\" target=\\\"_blank\\\" rel=\\\"noopener\\\">info@masimas.com<\\\/a><\\\/div><div role=\\\"presentation\\\">\\u00a0<\\\/div>\"}},{\"@type\":\"Question\",\"name\":\"Are the sizes true to measurements?\",\"acceptedAnswer\":{\"@type\":\"Answer\",\"text\":\"<p>We provide detailed size charts for each product to help you find the perfect fit. Please refer to the size chart on the product page to ensure you choose the right size.<\\\/p>\"}},{\"@type\":\"Question\",\"name\":\"Can I modify or cancel my order after it's been placed?\",\"acceptedAnswer\":{\"@type\":\"Answer\",\"text\":\"<p>We process orders quickly to ensure fast delivery, so modifications or cancellations may be limited. Contact our customer support as soon as possible, and we&#8217;ll do our best to assist you.<\\\/p>\"}}]}<\/script>\n\t\t\t\t\t<\/div>\n\t\t\t\t\t\t<\/div>\n\t\t\t\t<\/div>\n\t\t\t\t<\/div>\n\t\t<div class=\"elementor-element elementor-element-d2c001b e-con-full e-flex kitify-col-width-auto-no ignore-docs-style-no kitify-disable-relative-no e-con e-child\" data-id=\"d2c001b\" data-element_type=\"container\">\n\t\t\t\t<div class=\"elementor-element elementor-element-caef632 elementor-widget elementor-widget-accordion\" data-id=\"caef632\" data-element_type=\"widget\" data-widget_type=\"accordion.default\">\n\t\t\t\t<div class=\"elementor-widget-container\">\n\t\t\t\t\t\t\t<div class=\"elementor-accordion\">\n\t\t\t\t\t\t\t<div class=\"elementor-accordion-item\">\n\t\t\t\t\t<div id=\"elementor-tab-title-2121\" class=\"elementor-tab-title\" data-tab=\"1\" role=\"button\" aria-controls=\"elementor-tab-content-2121\" aria-expanded=\"false\">\n\t\t\t\t\t\t\t\t\t\t\t\t\t<span class=\"elementor-accordion-icon elementor-accordion-icon-right\" aria-hidden=\"true\">\n\t\t\t\t\t\t\t\t\t\t\t\t\t\t\t<span class=\"elementor-accordion-icon-closed\"><i class=\"dlicon ui-1_simple-add\"><\/i><\/span>\n\t\t\t\t\t\t\t\t<span class=\"elementor-accordion-icon-opened\"><i class=\"dlicon ui-1_simple-delete\"><\/i><\/span>\n\t\t\t\t\t\t\t\t\t\t\t\t\t\t<\/span>\n\t\t\t\t\t\t\t\t\t\t\t\t<a class=\"elementor-accordion-title\" tabindex=\"0\">Do you offer gift wrapping services?<\/a>\n\t\t\t\t\t<\/div>\n\t\t\t\t\t<div id=\"elementor-tab-content-2121\" class=\"elementor-tab-content elementor-clearfix\" data-tab=\"1\" role=\"region\" aria-labelledby=\"elementor-tab-title-2121\"><p>No, por ahora no ofrecemos el servicio de envolver para regalo.<\/p><\/div>\n\t\t\t\t<\/div>\n\t\t\t\t\t\t\t<div class=\"elementor-accordion-item\">\n\t\t\t\t\t<div id=\"elementor-tab-title-2122\" class=\"elementor-tab-title\" data-tab=\"2\" role=\"button\" aria-controls=\"elementor-tab-content-2122\" aria-expanded=\"false\">\n\t\t\t\t\t\t\t\t\t\t\t\t\t<span class=\"elementor-accordion-icon elementor-accordion-icon-right\" aria-hidden=\"true\">\n\t\t\t\t\t\t\t\t\t\t\t\t\t\t\t<span class=\"elementor-accordion-icon-closed\"><i class=\"dlicon ui-1_simple-add\"><\/i><\/span>\n\t\t\t\t\t\t\t\t<span class=\"elementor-accordion-icon-opened\"><i class=\"dlicon ui-1_simple-delete\"><\/i><\/span>\n\t\t\t\t\t\t\t\t\t\t\t\t\t\t<\/span>\n\t\t\t\t\t\t\t\t\t\t\t\t<a class=\"elementor-accordion-title\" tabindex=\"0\">Do you offer online ordering and shipping?<\/a>\n\t\t\t\t\t<\/div>\n\t\t\t\t\t<div id=\"elementor-tab-content-2122\" class=\"elementor-tab-content elementor-clearfix\" data-tab=\"2\" role=\"region\" aria-labelledby=\"elementor-tab-title-2122\"><p>Yes, we offer online ordering with shipping options available. Contact us for more information.<\/p><\/div>\n\t\t\t\t<\/div>\n\t\t\t\t\t\t\t<div class=\"elementor-accordion-item\">\n\t\t\t\t\t<div id=\"elementor-tab-title-2123\" class=\"elementor-tab-title\" data-tab=\"3\" role=\"button\" aria-controls=\"elementor-tab-content-2123\" aria-expanded=\"false\">\n\t\t\t\t\t\t\t\t\t\t\t\t\t<span class=\"elementor-accordion-icon elementor-accordion-icon-right\" aria-hidden=\"true\">\n\t\t\t\t\t\t\t\t\t\t\t\t\t\t\t<span class=\"elementor-accordion-icon-closed\"><i class=\"dlicon ui-1_simple-add\"><\/i><\/span>\n\t\t\t\t\t\t\t\t<span class=\"elementor-accordion-icon-opened\"><i class=\"dlicon ui-1_simple-delete\"><\/i><\/span>\n\t\t\t\t\t\t\t\t\t\t\t\t\t\t<\/span>\n\t\t\t\t\t\t\t\t\t\t\t\t<a class=\"elementor-accordion-title\" tabindex=\"0\">Can I sign up for exclusive offers and updates?<\/a>\n\t\t\t\t\t<\/div>\n\t\t\t\t\t<div id=\"elementor-tab-content-2123\" class=\"elementor-tab-content elementor-clearfix\" data-tab=\"3\" role=\"region\" aria-labelledby=\"elementor-tab-title-2123\"><p>Absolutely! Join our newsletter to receive exclusive offers, promotions, and updates on the latest fashion trends. You can sign up at the bottom of our homepage.<\/p><\/div>\n\t\t\t\t<\/div>\n\t\t\t\t\t\t\t<div class=\"elementor-accordion-item\">\n\t\t\t\t\t<div id=\"elementor-tab-title-2124\" class=\"elementor-tab-title\" data-tab=\"4\" role=\"button\" aria-controls=\"elementor-tab-content-2124\" aria-expanded=\"false\">\n\t\t\t\t\t\t\t\t\t\t\t\t\t<span class=\"elementor-accordion-icon elementor-accordion-icon-right\" aria-hidden=\"true\">\n\t\t\t\t\t\t\t\t\t\t\t\t\t\t\t<span class=\"elementor-accordion-icon-closed\"><i class=\"dlicon ui-1_simple-add\"><\/i><\/span>\n\t\t\t\t\t\t\t\t<span class=\"elementor-accordion-icon-opened\"><i class=\"dlicon ui-1_simple-delete\"><\/i><\/span>\n\t\t\t\t\t\t\t\t\t\t\t\t\t\t<\/span>\n\t\t\t\t\t\t\t\t\t\t\t\t<a class=\"elementor-accordion-title\" tabindex=\"0\">How do I create an account?<\/a>\n\t\t\t\t\t<\/div>\n\t\t\t\t\t<div id=\"elementor-tab-content-2124\" class=\"elementor-tab-content elementor-clearfix\" data-tab=\"4\" role=\"region\" aria-labelledby=\"elementor-tab-title-2124\"><p>Creating an account is easy! Simply click on the &#8220;Sign Up&#8221; link at the top of the page and follow the prompts to enter your information. You&#8217;ll then have access to order history, wishlists, and faster checkout.<\/p><\/div>\n\t\t\t\t<\/div>\n\t\t\t\t\t\t\t<div class=\"elementor-accordion-item\">\n\t\t\t\t\t<div id=\"elementor-tab-title-2125\" class=\"elementor-tab-title\" data-tab=\"5\" role=\"button\" aria-controls=\"elementor-tab-content-2125\" aria-expanded=\"false\">\n\t\t\t\t\t\t\t\t\t\t\t\t\t<span class=\"elementor-accordion-icon elementor-accordion-icon-right\" aria-hidden=\"true\">\n\t\t\t\t\t\t\t\t\t\t\t\t\t\t\t<span class=\"elementor-accordion-icon-closed\"><i class=\"dlicon ui-1_simple-add\"><\/i><\/span>\n\t\t\t\t\t\t\t\t<span class=\"elementor-accordion-icon-opened\"><i class=\"dlicon ui-1_simple-delete\"><\/i><\/span>\n\t\t\t\t\t\t\t\t\t\t\t\t\t\t<\/span>\n\t\t\t\t\t\t\t\t\t\t\t\t<a class=\"elementor-accordion-title\" tabindex=\"0\">What if an item I want is out of stock?<\/a>\n\t\t\t\t\t<\/div>\n\t\t\t\t\t<div id=\"elementor-tab-content-2125\" class=\"elementor-tab-content elementor-clearfix\" data-tab=\"5\" role=\"region\" aria-labelledby=\"elementor-tab-title-2125\"><p>If an item you&#8217;re interested in is currently out of stock, you can sign up for notifications to be alerted when it becomes available again. Just enter your email on the product page, and we&#8217;ll notify you as soon as it&#8217;s back in stock.<\/p><\/div>\n\t\t\t\t<\/div>\n\t\t\t\t\t\t\t<div class=\"elementor-accordion-item\">\n\t\t\t\t\t<div id=\"elementor-tab-title-2126\" class=\"elementor-tab-title\" data-tab=\"6\" role=\"button\" aria-controls=\"elementor-tab-content-2126\" aria-expanded=\"false\">\n\t\t\t\t\t\t\t\t\t\t\t\t\t<span class=\"elementor-accordion-icon elementor-accordion-icon-right\" aria-hidden=\"true\">\n\t\t\t\t\t\t\t\t\t\t\t\t\t\t\t<span class=\"elementor-accordion-icon-closed\"><i class=\"dlicon ui-1_simple-add\"><\/i><\/span>\n\t\t\t\t\t\t\t\t<span class=\"elementor-accordion-icon-opened\"><i class=\"dlicon ui-1_simple-delete\"><\/i><\/span>\n\t\t\t\t\t\t\t\t\t\t\t\t\t\t<\/span>\n\t\t\t\t\t\t\t\t\t\t\t\t<a class=\"elementor-accordion-title\" tabindex=\"0\">Can I change my shipping address after placing an order?<\/a>\n\t\t\t\t\t<\/div>\n\t\t\t\t\t<div id=\"elementor-tab-content-2126\" class=\"elementor-tab-content elementor-clearfix\" data-tab=\"6\" role=\"region\" aria-labelledby=\"elementor-tab-title-2126\"><p>Please contact our customer support team as soon as possible if you need to change your shipping address after placing an order. We&#8217;ll do our best to assist you, though changes may be subject to the order&#8217;s processing stage.<\/p><\/div>\n\t\t\t\t<\/div>\n\t\t\t\t\t\t\t\t\t\t<script type=\"application\/ld+json\">{\"@context\":\"https:\\\/\\\/schema.org\",\"@type\":\"FAQPage\",\"mainEntity\":[{\"@type\":\"Question\",\"name\":\"Do you offer gift wrapping services?\",\"acceptedAnswer\":{\"@type\":\"Answer\",\"text\":\"<p>No, por ahora no ofrecemos el servicio de envolver para regalo.<\\\/p>\"}},{\"@type\":\"Question\",\"name\":\"Do you offer online ordering and shipping?\",\"acceptedAnswer\":{\"@type\":\"Answer\",\"text\":\"<p>Yes, we offer online ordering with shipping options available. Contact us for more information.<\\\/p>\"}},{\"@type\":\"Question\",\"name\":\"Can I sign up for exclusive offers and updates?\",\"acceptedAnswer\":{\"@type\":\"Answer\",\"text\":\"<p>Absolutely! Join our newsletter to receive exclusive offers, promotions, and updates on the latest fashion trends. You can sign up at the bottom of our homepage.<\\\/p>\"}},{\"@type\":\"Question\",\"name\":\"How do I create an account?\",\"acceptedAnswer\":{\"@type\":\"Answer\",\"text\":\"<p>Creating an account is easy! Simply click on the &#8220;Sign Up&#8221; link at the top of the page and follow the prompts to enter your information. You&#8217;ll then have access to order history, wishlists, and faster checkout.<\\\/p>\"}},{\"@type\":\"Question\",\"name\":\"What if an item I want is out of stock?\",\"acceptedAnswer\":{\"@type\":\"Answer\",\"text\":\"<p>If an item you&#8217;re interested in is currently out of stock, you can sign up for notifications to be alerted when it becomes available again. Just enter your email on the product page, and we&#8217;ll notify you as soon as it&#8217;s back in stock.<\\\/p>\"}},{\"@type\":\"Question\",\"name\":\"Can I change my shipping address after placing an order?\",\"acceptedAnswer\":{\"@type\":\"Answer\",\"text\":\"<p>Please contact our customer support team as soon as possible if you need to change your shipping address after placing an order. We&#8217;ll do our best to assist you, though changes may be subject to the order&#8217;s processing stage.<\\\/p>\"}}]}<\/script>\n\t\t\t\t\t<\/div>\n\t\t\t\t\t\t<\/div>\n\t\t\t\t<\/div>\n\t\t\t\t<\/div>\n\t\t\t\t\t<\/div>\n\t\t\t\t<\/div>\n\t\t\t\t<\/div>\n\t\t","protected":false},"excerpt":{"rendered":"<p>Home PoL\u00edtitca de devoluciones Tienes derecho a desistir de la compra en un plazo de\u00a014 d\u00edas naturales\u00a0desde la recepci\u00f3n del pedido (seg\u00fan normativa de consumidores). El producto debe devolverse en perfecto estado, sin usar, con su embalaje original. Los gastos de env\u00edo de la devoluci\u00f3n corren a cargo del cliente, salvo que se trate de un producto defectuoso o error\u2026<\/p>\n","protected":false},"author":1,"featured_media":0,"parent":0,"menu_order":0,"comment_status":"closed","ping_status":"closed","template":"elementor_header_footer","meta":{"footnotes":""},"class_list":["post-4216","page","type-page","status-publish","hentry"],"_links":{"self":[{"href":"https:\/\/shop.masimas.com\/ca\/wp-json\/wp\/v2\/pages\/4216","targetHints":{"allow":["GET"]}}],"collection":[{"href":"https:\/\/shop.masimas.com\/ca\/wp-json\/wp\/v2\/pages"}],"about":[{"href":"https:\/\/shop.masimas.com\/ca\/wp-json\/wp\/v2\/types\/page"}],"author":[{"embeddable":true,"href":"https:\/\/shop.masimas.com\/ca\/wp-json\/wp\/v2\/users\/1"}],"replies":[{"embeddable":true,"href":"https:\/\/shop.masimas.com\/ca\/wp-json\/wp\/v2\/comments?post=4216"}],"version-history":[{"count":3,"href":"https:\/\/shop.masimas.com\/ca\/wp-json\/wp\/v2\/pages\/4216\/revisions"}],"predecessor-version":[{"id":4754,"href":"https:\/\/shop.masimas.com\/ca\/wp-json\/wp\/v2\/pages\/4216\/revisions\/4754"}],"wp:attachment":[{"href":"https:\/\/shop.masimas.com\/ca\/wp-json\/wp\/v2\/media?parent=4216"}],"curies":[{"name":"wp","href":"https:\/\/api.w.org\/{rel}","templated":true}]}}