{"id":4212,"date":"2023-03-18T11:07:21","date_gmt":"2023-03-18T10:07:21","guid":{"rendered":"https:\/\/shop.masimas.com\/about-us\/"},"modified":"2025-08-08T01:08:07","modified_gmt":"2025-08-07T23:08:07","slug":"about-us","status":"publish","type":"page","link":"https:\/\/shop.masimas.com\/ca\/about-us\/","title":{"rendered":"About Us"},"content":{"rendered":"\t\t<div data-elementor-type=\"wp-page\" data-elementor-id=\"4212\" class=\"elementor elementor-4212 elementor-3829\" data-elementor-post-type=\"page\">\n\t\t\t\t<div class=\"elementor-element elementor-element-e283598 e-flex e-con-boxed kitify-col-width-auto-no ignore-docs-style-no kitify-disable-relative-no e-root-container elementor-top-section e-con e-parent\" data-id=\"e283598\" data-element_type=\"container\" data-settings=\"{&quot;background_background&quot;:&quot;classic&quot;,&quot;background_motion_fx_motion_fx_scrolling&quot;:&quot;yes&quot;,&quot;background_motion_fx_translateY_effect&quot;:&quot;yes&quot;,&quot;background_motion_fx_devices&quot;:[&quot;desktop&quot;,&quot;laptop&quot;],&quot;background_motion_fx_translateY_speed&quot;:{&quot;unit&quot;:&quot;px&quot;,&quot;size&quot;:4,&quot;sizes&quot;:[]},&quot;background_motion_fx_translateY_affectedRange&quot;:{&quot;unit&quot;:&quot;%&quot;,&quot;size&quot;:&quot;&quot;,&quot;sizes&quot;:{&quot;start&quot;:0,&quot;end&quot;:100}}}\">\n\t\t\t\t\t<div class=\"e-con-inner\">\n\t\t\t\t<div class=\"elementor-element elementor-element-4d31184 kitify-breadcrumbs-page-title-yes kitify-breadcrumbs-align-center elementor-widget kitify elementor-kitify-breadcrumbs\" data-id=\"4d31184\" data-element_type=\"widget\" data-widget_type=\"kitify-breadcrumbs.default\">\n\t\t\t\t<div class=\"elementor-widget-container\">\n\t\t\t\t\t\n\t\t<div class=\"kitify-breadcrumbs\">\n\t\t<div class=\"kitify-breadcrumbs__content\">\n\t\t<div class=\"kitify-breadcrumbs__wrap\"><div class=\"kitify-breadcrumbs__item\"><a href=\"https:\/\/shop.masimas.com\/ca\/\" class=\"kitify-breadcrumbs__item-link is-home\" rel=\"home\" title=\"Home\">Home<\/a><\/div>\n\t\t<\/div>\n\t\t<\/div>\n\t\t<\/div>\t\t\t\t<\/div>\n\t\t\t\t<\/div>\n\t\t\t\t\t<\/div>\n\t\t\t\t<\/div>\n\t\t<div class=\"elementor-element elementor-element-4b546f5 e-flex e-con-boxed kitify-col-width-auto-no ignore-docs-style-no kitify-disable-relative-no e-root-container elementor-top-section e-con e-parent\" data-id=\"4b546f5\" data-element_type=\"container\">\n\t\t\t\t\t<div class=\"e-con-inner\">\n\t\t<div class=\"elementor-element elementor-element-fc6ca40 e-con-full e-flex kitify-col-width-auto-no ignore-docs-style-no kitify-disable-relative-no elementor-invisible kitify-has-entrance-animation e-con e-child\" data-id=\"fc6ca40\" data-element_type=\"container\" data-settings=\"{&quot;animation&quot;:&quot;kitifyShortFadeInUp&quot;}\">\n\t\t\t\t<div class=\"elementor-element elementor-element-cd5b4a3 elementor-widget elementor-widget-image\" data-id=\"cd5b4a3\" data-element_type=\"widget\" data-widget_type=\"image.default\">\n\t\t\t\t<div class=\"elementor-widget-container\">\n\t\t\t\t\t\t\t\t\t\t\t\t\t\t\t<img fetchpriority=\"high\" decoding=\"async\" width=\"1024\" height=\"683\" src=\"https:\/\/shop.masimas.com\/wp-content\/uploads\/2025\/08\/DSCF7928-1024x683.jpg\" class=\"attachment-large size-large wp-image-4425\" alt=\"\" srcset=\"https:\/\/shop.masimas.com\/wp-content\/uploads\/2025\/08\/DSCF7928-1024x683.jpg 1024w, https:\/\/shop.masimas.com\/wp-content\/uploads\/2025\/08\/DSCF7928-300x200.jpg 300w, https:\/\/shop.masimas.com\/wp-content\/uploads\/2025\/08\/DSCF7928-768x512.jpg 768w, https:\/\/shop.masimas.com\/wp-content\/uploads\/2025\/08\/DSCF7928-1536x1024.jpg 1536w, https:\/\/shop.masimas.com\/wp-content\/uploads\/2025\/08\/DSCF7928-2048x1365.jpg 2048w, https:\/\/shop.masimas.com\/wp-content\/uploads\/2025\/08\/DSCF7928-1000x667.jpg 1000w\" sizes=\"(max-width: 1024px) 100vw, 1024px\" \/>\t\t\t\t\t\t\t\t\t\t\t\t\t\t\t<\/div>\n\t\t\t\t<\/div>\n\t\t\t\t<\/div>\n\t\t<div class=\"elementor-element elementor-element-58015dd e-con-full e-flex kitify-col-width-auto-no ignore-docs-style-no kitify-disable-relative-no elementor-invisible kitify-has-entrance-animation e-con e-child\" data-id=\"58015dd\" data-element_type=\"container\" data-settings=\"{&quot;animation&quot;:&quot;kitifyShortFadeInUp&quot;,&quot;animation_delay&quot;:500}\">\n\t\t\t\t<div class=\"elementor-element elementor-element-7204191 elementor-widget elementor-widget-heading\" data-id=\"7204191\" data-element_type=\"widget\" data-widget_type=\"heading.default\">\n\t\t\t\t<div class=\"elementor-widget-container\">\n\t\t\t\t\t<h2 class=\"elementor-heading-title elementor-size-default\"> Where Fashion Meets Expression<\/h2>\t\t\t\t<\/div>\n\t\t\t\t<\/div>\n\t\t\t\t<div class=\"elementor-element elementor-element-70988c4 elementor-widget elementor-widget-text-editor\" data-id=\"70988c4\" data-element_type=\"widget\" data-widget_type=\"text-editor.default\">\n\t\t\t\t<div class=\"elementor-widget-container\">\n\t\t\t\t\t\t\t\t\t<div><strong>MAS i MAS<\/strong> es la empresa cultural detr\u00e1s de las salas m\u00edticas de Barcelona como Jamboree, Moog y Tarantos, as\u00ed como del Festival MasiMas, una celebraci\u00f3n anual de la m\u00fasica en vivo en todas sus formas.<\/div><div>\u00a0<\/div><div>Desde hace <strong>m\u00e1s de 25 a\u00f1os,<\/strong> nuestro objetivo ha sido claro: dar vida a la ciudad de Barcelona a trav\u00e9s de la m\u00fasica. Con una programaci\u00f3n diaria que abarca jazz, flamenco, electr\u00f3nica y m\u00e1s, hemos convertido nuestras salas en referentes culturales y musicales a nivel nacional e internacional.<\/div><div>\u00a0<\/div><div>Ahora, a trav\u00e9s de nuestra tienda online oficial, te ofrecemos la oportunidad de llevar contigo una parte de esa historia. Nuestro merchandising exclusivo inspirado en cada sala, sonido y momento vivido. Es una forma de conectar con nuestra comunidad, apoyar la cultura independiente y celebrar la m\u00fasica tambi\u00e9n fuera del escenario.<\/div>\t\t\t\t\t\t\t\t<\/div>\n\t\t\t\t<\/div>\n\t\t\t\t<\/div>\n\t\t\t\t\t<\/div>\n\t\t\t\t<\/div>\n\t\t<div class=\"elementor-element elementor-element-260e532 e-flex e-con-boxed kitify-col-width-auto-no ignore-docs-style-no kitify-disable-relative-no e-root-container elementor-top-section e-con e-parent\" data-id=\"260e532\" data-element_type=\"container\">\n\t\t\t\t\t<div class=\"e-con-inner\">\n\t\t\t\t<div class=\"elementor-element elementor-element-4db2674 mttabcontrolisselect-yes mbtabcontrolisselect-yes kitify_tab-full-yes elementor-invisible kitify-has-entrance-animation elementor-widget kitify elementor-kitify-tabs\" data-id=\"4db2674\" data-element_type=\"widget\" data-settings=\"{&quot;_animation&quot;:&quot;kitifyShortFadeInUp&quot;}\" data-widget_type=\"kitify-tabs.default\">\n\t\t\t\t<div class=\"elementor-widget-container\">\n\t\t\t\t\t        <div class=\"kitify-tabs kitify-tabs-style-default kitify-tabs-position-top kitify-tabs-move-up-effect\" data-settings=\"{&quot;activeIndex&quot;:0,&quot;event&quot;:&quot;click&quot;,&quot;autoSwitch&quot;:false,&quot;autoSwitchDelay&quot;:3000}\">\n            <div class=\"kitify-tabs__control-wrapper\">\n                <div id=\"kitify-tabs-control-8141\" class=\"kitify-tabs__control kitify-tabs__control-icon-left active-tab\" data-tab=\"1\" tabindex=\"8141\"><div class=\"kitify-tabs__control-inner\"><div class=\"kitify-tabs__label\"><div class=\"kitify-tabs__label-text\">NUESTRA HISTORIA<\/div><\/div><\/div><\/div><div id=\"kitify-tabs-control-8142\" class=\"kitify-tabs__control kitify-tabs__control-icon-left \" data-tab=\"2\" tabindex=\"8142\"><div class=\"kitify-tabs__control-inner\"><div class=\"kitify-tabs__label\"><div class=\"kitify-tabs__label-text\">LA TIENDA<\/div><\/div><\/div><\/div><div id=\"kitify-tabs-control-8143\" class=\"kitify-tabs__control kitify-tabs__control-icon-left \" data-tab=\"3\" tabindex=\"8143\"><div class=\"kitify-tabs__control-inner\"><div class=\"kitify-tabs__label\"><div class=\"kitify-tabs__label-text\">DISE\u00d1OS EXCLUSIVOS<\/div><\/div><\/div><\/div><div class=\"kitify-tabs__control-wrapper-mobile\"><a href=\"#\" rel=\"nofollow\" target=\"_self\"><\/a><\/div>            <\/div>\n                        <div class=\"kitify-tabs__content-wrapper\">\n                <div id=\"kitify-tabs-content-8141\" class=\"kitify-tabs__content active-content\" data-tab=\"1\"><div>MAS i <strong>MAS<\/strong> naci\u00f3 en 1986 con la apertura del MasiMasBar, un peque\u00f1o local que r\u00e1pidamente se convirti\u00f3 en punto de encuentro para los amantes de la m\u00fasica en Barcelona. Lo que comenz\u00f3 como un espacio \u00edntimo y apasionado por el sonido en vivo, evolucion\u00f3 hasta convertirse en un aut\u00e9ntico motor cultural de la ciudad.<\/div><div>\u00a0<\/div><div>Con los a\u00f1os, ese esp\u00edritu fue creciendo hasta dar lugar a lo que hoy somos: la empresa gestora de algunas de las salas m\u00e1s emblem\u00e1ticas de Barcelona, como el legendario <strong>Jamboree Jazz Club,<\/strong> el ic\u00f3nico club de electr\u00f3nica<strong> Moog<\/strong>, el hist\u00f3rico <strong>tablao Tarantos<\/strong>, y el vibrante <strong>Festival MasiMas<\/strong>, que llena de m\u00fasica en directo las noches de agosto.<\/div><div>\u00a0<\/div><div>Del jazz al flamenco, del techno a los sonidos emergentes, nuestra misi\u00f3n sigue intacta:<\/div><div>mantener viva la ciudad a trav\u00e9s de la m\u00fasica, los <strong>365 d\u00edas del a\u00f1o.<\/strong><\/div><\/div><div id=\"kitify-tabs-content-8142\" class=\"kitify-tabs__content \" data-tab=\"2\"><p>La tienda MasiMas nace del deseo de extender nuestra conexi\u00f3n con el p\u00fablico m\u00e1s all\u00e1 de los escenarios. Durante d\u00e9cadas, nuestras salas han sido punto de encuentro para miles de personas que comparten una pasi\u00f3n por la m\u00fasica en vivo y los espacios con identidad.<\/p><p>Esta tienda representa una forma de celebrar esa comunidad, apoyar la autogesti\u00f3n cultural independiente y ofrecer productos con alma, pensados para quienes valoran la autenticidad. Cada art\u00edculo refleja el esp\u00edritu de nuestras salas y permite llevar una parte de esa experiencia all\u00ed donde est\u00e9s.<\/p><\/div><div id=\"kitify-tabs-content-8143\" class=\"kitify-tabs__content \" data-tab=\"3\"><p>En nuestra tienda encontrar\u00e1s camisetas con dise\u00f1os exclusivos inspirados en las salas J<strong>amboree, Moog y Tarantos,<\/strong> adem\u00e1s de <strong>tote bags, gorras, sudaderas y otros art\u00edculos de edici\u00f3n limitada.<\/strong> Tambi\u00e9n podr\u00e1s descubrir una cuidada selecci\u00f3n de p\u00f3sters y arte gr\u00e1fico que repasan momentos clave de nuestras programaciones y del Festival MasiMas.<\/p><p>Muy pronto incorporaremos vinilos, entradas especiales, packs coleccionables y otras sorpresas pensadas para quienes viven la m\u00fasica como una forma de expresi\u00f3n y pertenencia.<\/p><\/div>            <\/div>\n        <\/div>\n        \t\t\t\t<\/div>\n\t\t\t\t<\/div>\n\t\t\t\t\t<\/div>\n\t\t\t\t<\/div>\n\t\t<div class=\"elementor-element elementor-element-0c44e50 e-con-full e-flex kitify-col-width-auto-no ignore-docs-style-no kitify-disable-relative-no e-root-container elementor-top-section e-con e-parent\" data-id=\"0c44e50\" data-element_type=\"container\">\n\t\t\t\t<div class=\"elementor-element elementor-element-ad80d98 elementor-widget__width-auto elementor-invisible kitify-has-entrance-animation elementor-widget elementor-widget-heading\" data-id=\"ad80d98\" data-element_type=\"widget\" data-settings=\"{&quot;_animation&quot;:&quot;kitifyShortFadeInUp&quot;}\" data-widget_type=\"heading.default\">\n\t\t\t\t<div class=\"elementor-widget-container\">\n\t\t\t\t\t<h2 class=\"elementor-heading-title elementor-size-default\">NUESTRAS SALAS<\/h2>\t\t\t\t<\/div>\n\t\t\t\t<\/div>\n\t\t\t\t<div class=\"elementor-element elementor-element-cd61d3a content-visible-hover-yes bannerlist--preset-hidden_title custom-carousel-preset-default kitify-carousel-item-effect-slide elementor-invisible kitify-has-entrance-animation elementor-widget kitify elementor-kitify-banner-list\" data-id=\"cd61d3a\" data-element_type=\"widget\" data-settings=\"{&quot;_animation&quot;:&quot;kitifyShortFadeInUp&quot;,&quot;_animation_delay&quot;:500}\" data-widget_type=\"kitify-banner-list.default\">\n\t\t\t\t<div class=\"elementor-widget-container\">\n\t\t\t\t\t\n<div class=\"kitify-bannerlist layout-type-overlay preset-hidden_title\" data-item_selector=\".kitify-bannerlist__item\" >\n        <div class=\"kitify-bannerlist__list_wrapper\">\n        <div class=\"kitify-bannerlist__list col-row\">\n            <div class=\"elementor-repeater-item-8a11250 kitify-bannerlist__item col-desk-4 col-tabp-2 col-tab-3 col-lap-4\">\n\t<div class=\"kitify-bannerlist__inner\">\n\t\t<a href=\"https:\/\/jamboreejazz.com\/\" class=\"kitify-bannerlist__link\">\n\t\t\t<div class=\"kitify-bannerlist__image\"><img loading=\"lazy\" decoding=\"async\" src=\"https:\/\/shop.masimas.com\/wp-content\/uploads\/2025\/08\/Jamboree-logo.png\" alt=\"\" loading=\"lazy\" class=\"kitify-bannerlist__image-instance\" width=\"400\" height=\"300\" style=\"--img-height:300px\">\t\t\t<\/div>\n\t\t\t<div class=\"kitify-bannerlist__content\">\n                <div class=\"kitify-bannerlist__content-inner\"><\/div>\n            <\/div>\n\t\t<\/a>\n\t<\/div>\n<\/div><div class=\"elementor-repeater-item-dd11bfc kitify-bannerlist__item col-desk-4 col-tabp-2 col-tab-3 col-lap-4\">\n\t<div class=\"kitify-bannerlist__inner\">\n\t\t<a href=\"https:\/\/tarantosbarcelona.com\/\" class=\"kitify-bannerlist__link\">\n\t\t\t<div class=\"kitify-bannerlist__image\"><img loading=\"lazy\" decoding=\"async\" src=\"https:\/\/shop.masimas.com\/wp-content\/uploads\/2025\/08\/Tarantos-logo.webp\" alt=\"\" loading=\"lazy\" class=\"kitify-bannerlist__image-instance\" width=\"621\" height=\"428\" style=\"--img-height:428px\">\t\t\t<\/div>\n\t\t\t<div class=\"kitify-bannerlist__content\">\n                <div class=\"kitify-bannerlist__content-inner\"><\/div>\n            <\/div>\n\t\t<\/a>\n\t<\/div>\n<\/div><div class=\"elementor-repeater-item-ceb3329 kitify-bannerlist__item col-desk-4 col-tabp-2 col-tab-3 col-lap-4\">\n\t<div class=\"kitify-bannerlist__inner\">\n\t\t<a href=\"https:\/\/moogbarcelona.com\/\" class=\"kitify-bannerlist__link\">\n\t\t\t<div class=\"kitify-bannerlist__image\"><img loading=\"lazy\" decoding=\"async\" src=\"https:\/\/shop.masimas.com\/wp-content\/uploads\/2025\/08\/moog.png\" alt=\"\" loading=\"lazy\" class=\"kitify-bannerlist__image-instance\" width=\"621\" height=\"428\" style=\"--img-height:428px\">\t\t\t<\/div>\n\t\t\t<div class=\"kitify-bannerlist__content\">\n                <div class=\"kitify-bannerlist__content-inner\"><\/div>\n            <\/div>\n\t\t<\/a>\n\t<\/div>\n<\/div><div class=\"elementor-repeater-item-061ff62 kitify-bannerlist__item col-desk-4 col-tabp-2 col-tab-3 col-lap-4\">\n\t<div class=\"kitify-bannerlist__inner\">\n\t\t<a href=\"https:\/\/masimasfestival.com\/\" class=\"kitify-bannerlist__link\">\n\t\t\t<div class=\"kitify-bannerlist__image\"><img loading=\"lazy\" decoding=\"async\" src=\"https:\/\/shop.masimas.com\/wp-content\/uploads\/2025\/08\/Mas-imas.png\" alt=\"\" loading=\"lazy\" class=\"kitify-bannerlist__image-instance\" width=\"1294\" height=\"892\" style=\"--img-height:892px\">\t\t\t<\/div>\n\t\t\t<div class=\"kitify-bannerlist__content\">\n                <div class=\"kitify-bannerlist__content-inner\"><\/div>\n            <\/div>\n\t\t<\/a>\n\t<\/div>\n<\/div>        <\/div>\n    <\/div>\n    <\/div>\t\t\t\t<\/div>\n\t\t\t\t<\/div>\n\t\t\t\t<\/div>\n\t\t<div class=\"elementor-element elementor-element-4c7d295 elementor-hidden-desktop elementor-hidden-laptop elementor-hidden-tablet elementor-hidden-mobile_extra elementor-hidden-mobile e-flex e-con-boxed kitify-col-width-auto-no ignore-docs-style-no kitify-disable-relative-no elementor-invisible e-root-container elementor-top-section kitify-has-entrance-animation e-con e-parent\" data-id=\"4c7d295\" data-element_type=\"container\" data-settings=\"{&quot;background_background&quot;:&quot;classic&quot;,&quot;animation&quot;:&quot;kitifyShortFadeInUp&quot;}\">\n\t\t\t\t\t<div class=\"e-con-inner\">\n\t\t\t\t<div class=\"elementor-element elementor-element-e2a702f bannerlist--preset-default custom-carousel-preset-default kitify-carousel-item-effect-slide elementor-widget kitify elementor-kitify-banner-list\" data-id=\"e2a702f\" data-element_type=\"widget\" data-widget_type=\"kitify-banner-list.default\">\n\t\t\t\t<div class=\"elementor-widget-container\">\n\t\t\t\t\t\n<div class=\"kitify-bannerlist layout-type-overlay preset-default kitify-carousel\" data-item_selector=\".kitify-bannerlist__item\" data-slider_options=\"{&quot;slidesToScroll&quot;:{&quot;desktop&quot;:&quot;1&quot;,&quot;laptop&quot;:&quot;1&quot;,&quot;tablet&quot;:&quot;1&quot;,&quot;mobile_extra&quot;:&quot;1&quot;},&quot;rows&quot;:{&quot;desktop&quot;:&quot;1&quot;,&quot;laptop&quot;:&quot;1&quot;,&quot;tablet&quot;:&quot;1&quot;,&quot;mobile_extra&quot;:&quot;1&quot;},&quot;autoplaySpeed&quot;:5000,&quot;autoplay&quot;:true,&quot;infinite&quot;:true,&quot;centerMode&quot;:false,&quot;pauseOnHover&quot;:false,&quot;pauseOnInteraction&quot;:false,&quot;reverseDirection&quot;:false,&quot;infiniteEffect&quot;:false,&quot;speed&quot;:500,&quot;arrows&quot;:false,&quot;dots&quot;:false,&quot;variableWidth&quot;:false,&quot;prevArrow&quot;:&quot;.kitify-carousel__prev-arrow-e2a702f&quot;,&quot;nextArrow&quot;:&quot;.kitify-carousel__next-arrow-e2a702f&quot;,&quot;dotsElm&quot;:&quot;.kitify-carousel__dots_e2a702f&quot;,&quot;rtl&quot;:false,&quot;effect&quot;:&quot;slide&quot;,&quot;coverflowEffect&quot;:{&quot;rotate&quot;:null,&quot;stretch&quot;:null,&quot;depth&quot;:null,&quot;modifier&quot;:null,&quot;slideShadows&quot;:null},&quot;dotType&quot;:&quot;bullets&quot;,&quot;direction&quot;:&quot;horizontal&quot;,&quot;uniqueID&quot;:&quot;kitify_carousel_e2a702f&quot;,&quot;asFor&quot;:&quot;&quot;,&quot;autoHeight&quot;:false,&quot;slidesToShow&quot;:{&quot;desktop&quot;:&quot;5&quot;,&quot;mobile&quot;:&quot;2&quot;,&quot;tablet&quot;:&quot;4&quot;,&quot;laptop&quot;:&quot;5&quot;,&quot;mobile_extra&quot;:&quot;4&quot;}}\" dir=\"ltr\" >\n    <div class=\"kitify-carousel-inner\">    <div class=\"kitify-bannerlist__list_wrapper swiper-container\" id=\"kitify_carousel_e2a702f\">\n        <div class=\"kitify-bannerlist__list swiper-wrapper\">\n            <div class=\"elementor-repeater-item-3419f33 kitify-bannerlist__item swiper-slide col-desk-5 col-mob-2 col-tab-4 col-lap-5 col-tabp-4\">\n\t<div class=\"kitify-bannerlist__inner\">\n\t\t<a href=\"#\" class=\"kitify-bannerlist__link\">\n\t\t\t<div class=\"kitify-bannerlist__image\"><img loading=\"lazy\" decoding=\"async\" src=\"https:\/\/shop.masimas.com\/wp-content\/plugins\/elementor\/assets\/images\/placeholder.png\" alt=\"\" loading=\"lazy\" class=\"kitify-bannerlist__image-instance\" width=\"1200\" height=\"800\" style=\"--img-height:800px\">\t\t\t<\/div>\n\t\t\t<div class=\"kitify-bannerlist__content\">\n                <div class=\"kitify-bannerlist__content-inner\"><\/div>\n            <\/div>\n\t\t<\/a>\n\t<\/div>\n<\/div><div class=\"elementor-repeater-item-e5c6af3 kitify-bannerlist__item swiper-slide col-desk-5 col-mob-2 col-tab-4 col-lap-5 col-tabp-4\">\n\t<div class=\"kitify-bannerlist__inner\">\n\t\t<a href=\"#\" class=\"kitify-bannerlist__link\">\n\t\t\t<div class=\"kitify-bannerlist__image\"><img loading=\"lazy\" decoding=\"async\" src=\"https:\/\/shop.masimas.com\/wp-content\/plugins\/elementor\/assets\/images\/placeholder.png\" alt=\"\" loading=\"lazy\" class=\"kitify-bannerlist__image-instance\" width=\"1200\" height=\"800\" style=\"--img-height:800px\">\t\t\t<\/div>\n\t\t\t<div class=\"kitify-bannerlist__content\">\n                <div class=\"kitify-bannerlist__content-inner\"><\/div>\n            <\/div>\n\t\t<\/a>\n\t<\/div>\n<\/div><div class=\"elementor-repeater-item-7f973f1 kitify-bannerlist__item swiper-slide col-desk-5 col-mob-2 col-tab-4 col-lap-5 col-tabp-4\">\n\t<div class=\"kitify-bannerlist__inner\">\n\t\t<a href=\"#\" class=\"kitify-bannerlist__link\">\n\t\t\t<div class=\"kitify-bannerlist__image\"><img loading=\"lazy\" decoding=\"async\" src=\"https:\/\/shop.masimas.com\/wp-content\/plugins\/elementor\/assets\/images\/placeholder.png\" alt=\"\" loading=\"lazy\" class=\"kitify-bannerlist__image-instance\" width=\"1200\" height=\"800\" style=\"--img-height:800px\">\t\t\t<\/div>\n\t\t\t<div class=\"kitify-bannerlist__content\">\n                <div class=\"kitify-bannerlist__content-inner\"><\/div>\n            <\/div>\n\t\t<\/a>\n\t<\/div>\n<\/div><div class=\"elementor-repeater-item-48a90ec kitify-bannerlist__item swiper-slide col-desk-5 col-mob-2 col-tab-4 col-lap-5 col-tabp-4\">\n\t<div class=\"kitify-bannerlist__inner\">\n\t\t<a href=\"#\" class=\"kitify-bannerlist__link\">\n\t\t\t<div class=\"kitify-bannerlist__image\"><img loading=\"lazy\" decoding=\"async\" src=\"https:\/\/shop.masimas.com\/wp-content\/plugins\/elementor\/assets\/images\/placeholder.png\" alt=\"\" loading=\"lazy\" class=\"kitify-bannerlist__image-instance\" width=\"1200\" height=\"800\" style=\"--img-height:800px\">\t\t\t<\/div>\n\t\t\t<div class=\"kitify-bannerlist__content\">\n                <div class=\"kitify-bannerlist__content-inner\"><\/div>\n            <\/div>\n\t\t<\/a>\n\t<\/div>\n<\/div><div class=\"elementor-repeater-item-62889f1 kitify-bannerlist__item swiper-slide col-desk-5 col-mob-2 col-tab-4 col-lap-5 col-tabp-4\">\n\t<div class=\"kitify-bannerlist__inner\">\n\t\t<a href=\"#\" class=\"kitify-bannerlist__link\">\n\t\t\t<div class=\"kitify-bannerlist__image\"><img loading=\"lazy\" decoding=\"async\" src=\"https:\/\/shop.masimas.com\/wp-content\/plugins\/elementor\/assets\/images\/placeholder.png\" alt=\"\" loading=\"lazy\" class=\"kitify-bannerlist__image-instance\" width=\"1200\" height=\"800\" style=\"--img-height:800px\">\t\t\t<\/div>\n\t\t\t<div class=\"kitify-bannerlist__content\">\n                <div class=\"kitify-bannerlist__content-inner\"><\/div>\n            <\/div>\n\t\t<\/a>\n\t<\/div>\n<\/div>        <\/div>\n    <\/div>\n    <\/div><\/div>\t\t\t\t<\/div>\n\t\t\t\t<\/div>\n\t\t\t\t\t<\/div>\n\t\t\t\t<\/div>\n\t\t<div class=\"elementor-element elementor-element-48e8f1a e-flex e-con-boxed kitify-col-width-auto-no ignore-docs-style-no kitify-disable-relative-no elementor-invisible e-root-container elementor-top-section kitify-has-entrance-animation e-con e-parent\" data-id=\"48e8f1a\" data-element_type=\"container\" data-settings=\"{&quot;animation&quot;:&quot;kitifyShortFadeInUp&quot;}\">\n\t\t\t\t\t<div class=\"e-con-inner\">\n\t\t\t\t<div class=\"elementor-element elementor-element-2882053 elementor-widget kitify elementor-kitify-button\" data-id=\"2882053\" data-element_type=\"widget\" data-widget_type=\"kitify-button.default\">\n\t\t\t\t<div class=\"elementor-widget-container\">\n\t\t\t\t\t        <div class=\"elementor-button-wrapper\">\n            <a href=\"\/contact-us\" class=\"elementor-button-link elementor-button elementor-btn-align-icon-right elementor-size-sm\" role=\"button\">\n                        <span class=\"elementor-button-content-wrapper\">\n\t\t\t                <span class=\"elementor-button-icon elementor-align-icon-right\">\n\t\t\t\t<i aria-hidden=\"true\" class=\"novaicon novaicon-arrow-right\"><\/i>\t\t\t<\/span>\n            \t\t\t<span class=\"elementor-button-text\">CONT\u00c1CTANOS<\/span>\n\t\t<\/span>\n                    <\/a>\n        <\/div>\n        \t\t\t\t<\/div>\n\t\t\t\t<\/div>\n\t\t\t\t\t<\/div>\n\t\t\t\t<\/div>\n\t\t\t\t<\/div>\n\t\t","protected":false},"excerpt":{"rendered":"<p>Home Where Fashion Meets Expression MAS i MAS es la empresa cultural detr\u00e1s de las salas m\u00edticas de Barcelona como Jamboree, Moog y Tarantos, as\u00ed como del Festival MasiMas, una celebraci\u00f3n anual de la m\u00fasica en vivo en todas sus formas.\u00a0Desde hace m\u00e1s de 25 a\u00f1os, nuestro objetivo ha sido claro: dar vida a la ciudad de Barcelona a trav\u00e9s\u2026<\/p>\n","protected":false},"author":1,"featured_media":0,"parent":0,"menu_order":0,"comment_status":"closed","ping_status":"closed","template":"elementor_header_footer","meta":{"footnotes":""},"class_list":["post-4212","page","type-page","status-publish","hentry"],"_links":{"self":[{"href":"https:\/\/shop.masimas.com\/ca\/wp-json\/wp\/v2\/pages\/4212","targetHints":{"allow":["GET"]}}],"collection":[{"href":"https:\/\/shop.masimas.com\/ca\/wp-json\/wp\/v2\/pages"}],"about":[{"href":"https:\/\/shop.masimas.com\/ca\/wp-json\/wp\/v2\/types\/page"}],"author":[{"embeddable":true,"href":"https:\/\/shop.masimas.com\/ca\/wp-json\/wp\/v2\/users\/1"}],"replies":[{"embeddable":true,"href":"https:\/\/shop.masimas.com\/ca\/wp-json\/wp\/v2\/comments?post=4212"}],"version-history":[{"count":12,"href":"https:\/\/shop.masimas.com\/ca\/wp-json\/wp\/v2\/pages\/4212\/revisions"}],"predecessor-version":[{"id":4437,"href":"https:\/\/shop.masimas.com\/ca\/wp-json\/wp\/v2\/pages\/4212\/revisions\/4437"}],"wp:attachment":[{"href":"https:\/\/shop.masimas.com\/ca\/wp-json\/wp\/v2\/media?parent=4212"}],"curies":[{"name":"wp","href":"https:\/\/api.w.org\/{rel}","templated":true}]}}